{"id":1086,"date":"2022-12-05T17:06:39","date_gmt":"2022-12-05T16:06:39","guid":{"rendered":"https:\/\/cittametropolitanamilano.portaleinfo.cloud\/?page_id=1086"},"modified":"2022-12-13T16:23:04","modified_gmt":"2022-12-13T15:23:04","slug":"zahlungen","status":"publish","type":"page","link":"https:\/\/cittametropolitanamilano.portaleinfo.cloud\/?page_id=1086&lang=de","title":{"rendered":"Zahlungen"},"content":{"rendered":"\t\t<div data-elementor-type=\"wp-page\" data-elementor-id=\"1086\" class=\"elementor elementor-1086\">\n\t\t\t\t\t\t<section class=\"elementor-section elementor-top-section elementor-element elementor-element-f96ae94 elementor-section-boxed elementor-section-height-default elementor-section-height-default\" data-id=\"f96ae94\" data-element_type=\"section\">\n\t\t\t\t\t\t<div class=\"elementor-container elementor-column-gap-default\">\n\t\t\t\t\t<div class=\"elementor-column elementor-col-100 elementor-top-column elementor-element elementor-element-8aefcca\" data-id=\"8aefcca\" data-element_type=\"column\">\n\t\t\t<div class=\"elementor-widget-wrap elementor-element-populated\">\n\t\t\t\t\t\t<div class=\"elementor-element elementor-element-485c070 elementor-widget elementor-widget-heading\" data-id=\"485c070\" data-element_type=\"widget\" data-widget_type=\"heading.default\">\n\t\t\t\t<div class=\"elementor-widget-container\">\n\t\t\t<h2 class=\"elementor-heading-title elementor-size-default\">Zahlungen<\/h2>\t\t<\/div>\n\t\t\t\t<\/div>\n\t\t\t\t\t<\/div>\n\t\t<\/div>\n\t\t\t\t\t<\/div>\n\t\t<\/section>\n\t\t\t\t<section class=\"elementor-section elementor-top-section elementor-element elementor-element-d56422f elementor-section-boxed elementor-section-height-default elementor-section-height-default\" data-id=\"d56422f\" data-element_type=\"section\">\n\t\t\t\t\t\t<div class=\"elementor-container elementor-column-gap-default\">\n\t\t\t\t\t<div class=\"elementor-column elementor-col-100 elementor-top-column elementor-element elementor-element-0928670\" data-id=\"0928670\" data-element_type=\"column\">\n\t\t\t<div class=\"elementor-widget-wrap elementor-element-populated\">\n\t\t\t\t\t\t<div class=\"elementor-element elementor-element-61e175c elementor-widget elementor-widget-text-editor\" data-id=\"61e175c\" data-element_type=\"widget\" data-widget_type=\"text-editor.default\">\n\t\t\t\t<div class=\"elementor-widget-container\">\n\t\t\t\t\t\t\t<p>Das Kommando der Provinzpolizei der Citt\u00e0 Metropolitana di Milano hat einen neuen digitalen Dienst eingef\u00fchrt, um die Verwaltungst\u00e4tigkeiten zu vereinfachen. \u00dcber das SPID-System (Sistema Pubblico di Identit\u00e0 Digitale ist der Schl\u00fcssel f\u00fcr einen einfachen, schnellen und sicheren Zugang zu den digitalen Diensten der lokalen und zentralen Verwaltungen) ist es m\u00f6glich, den PagoPa-Dienst zur Zahlung von Bu\u00dfgeldern zu nutzen.<\/p><p><a href=\"https:\/\/milano.cittametropolitana.plugandpay.it\/\">Links zur Bezahlung<\/a><\/p><p>Klicken Sie auf der Startseite des B\u00fcrgerportals einfach auf die Rubrik &#8220;Zahlung&#8221;, die dem PagoPa-Service gewidmet ist.<\/p><p>Nach dem \u00d6ffnen des neuen Fensters m\u00fcssen Sie in den entsprechenden Feldern den Bescheidcode oder die IUV (Positionskennung) und die Steuernummer oder die Umsatzsteuer-Identifikationsnummer der Person eingeben, an die die Zahlung geleistet wird.<\/p><p>Die Suche ergibt die Details der K\u00fcndigung, die Sie ausdrucken oder direkt online bezahlen k\u00f6nnen.<\/p><p>Um fortzufahren, m\u00fcssen Sie eine g\u00fcltige E-Mail-Adresse (keine PEC-Adresse) f\u00fcr die Zustellung des Zahlungsbelegs angeben.<\/p><p>Fahren Sie mit dem Vorgang fort und Sie werden zur PagoPa-Plattform weitergeleitet. Auf dem PagoPa-System k\u00f6nnen Sie die Zahlungsmethode w\u00e4hlen, mit der Sie die Transaktion durchf\u00fchren m\u00f6chten (z.B. Kreditkarte) und, je nach der angegebenen Option, den autorisierten Zahlungsdienstleister, mit dem Sie zahlen m\u00f6chten (Bank, Post, andere).<\/p><p>Das PagoPa System hat viele Vorteile, wie z.B. Kostentransparenz, freie Wahl des Kanals f\u00fcr den Nutzer und Sicherheitsgarantie f\u00fcr Zahlungen, Einhaltung von Vorschriften, mit einem voll automatisierten und digitalen Zahlungsprozess.<\/p><p>Mit PagoPa k\u00f6nnen die B\u00fcrgerinnen und B\u00fcrger die erhaltenen Bu\u00dfgelder auch \u00fcber ihr Smartphone oder per Homebanking von einem PSP aus bezahlen (achten Sie auf das CBILL- oder PagoPa-Logo). Au\u00dferdem ist es m\u00f6glich, das PagoPa-System an Geldautomaten von Banken (sofern sie daf\u00fcr freigeschaltet sind), in Sisal- und Lottomatica-Verkaufsstellen sowie in Post\u00e4mtern zu nutzen.<\/p>\t\t\t\t\t\t<\/div>\n\t\t\t\t<\/div>\n\t\t\t\t\t<\/div>\n\t\t<\/div>\n\t\t\t\t\t<\/div>\n\t\t<\/section>\n\t\t\t\t<\/div>\n\t\t","protected":false},"excerpt":{"rendered":"<p>Zahlungen Das Kommando der Provinzpolizei der hat einen neuen digitalen Dienst eingef\u00fchrt, um die Verwaltungst\u00e4tigkeiten zu vereinfachen. \u00dcber das SPID-System (Sistema Pubblico di Identit\u00e0 Digitale &#8230; <\/p>\n","protected":false},"author":1,"featured_media":0,"parent":0,"menu_order":0,"comment_status":"closed","ping_status":"closed","template":"","meta":{"footnotes":""},"yoast_head":"<!-- This site is optimized with the Yoast SEO plugin v20.9 - https:\/\/yoast.com\/wordpress\/plugins\/seo\/ -->\n<title>Zahlungen - Citt\u00e0 Metropolitana di Milano<\/title>\n<meta name=\"robots\" content=\"index, follow, max-snippet:-1, max-image-preview:large, max-video-preview:-1\" \/>\n<link rel=\"canonical\" href=\"https:\/\/cittametropolitanamilano.portaleinfo.cloud\/?page_id=1086&lang=de\" \/>\n<meta property=\"og:locale\" content=\"it_IT\" \/>\n<meta property=\"og:type\" content=\"article\" \/>\n<meta property=\"og:title\" content=\"Zahlungen - Citt\u00e0 Metropolitana di Milano\" \/>\n<meta property=\"og:description\" content=\"Zahlungen Das Kommando der Provinzpolizei der hat einen neuen digitalen Dienst eingef\u00fchrt, um die Verwaltungst\u00e4tigkeiten zu vereinfachen. \u00dcber das SPID-System (Sistema Pubblico di Identit\u00e0 Digitale ...\" \/>\n<meta property=\"og:url\" content=\"https:\/\/cittametropolitanamilano.portaleinfo.cloud\/?page_id=1086&amp;lang=de\" \/>\n<meta property=\"og:site_name\" content=\"Citt\u00e0 Metropolitana di Milano\" \/>\n<meta property=\"article:modified_time\" content=\"2022-12-13T15:23:04+00:00\" \/>\n<meta name=\"twitter:card\" content=\"summary_large_image\" \/>\n<meta name=\"twitter:label1\" content=\"Tempo di lettura stimato\" \/>\n\t<meta name=\"twitter:data1\" content=\"1 minuto\" \/>\n<script type=\"application\/ld+json\" class=\"yoast-schema-graph\">{\"@context\":\"https:\/\/schema.org\",\"@graph\":[{\"@type\":\"WebPage\",\"@id\":\"https:\/\/cittametropolitanamilano.portaleinfo.cloud\/?page_id=1086&lang=de\",\"url\":\"https:\/\/cittametropolitanamilano.portaleinfo.cloud\/?page_id=1086&lang=de\",\"name\":\"Zahlungen - Citt\u00e0 Metropolitana di Milano\",\"isPartOf\":{\"@id\":\"https:\/\/cittametropolitanamilano.portaleinfo.cloud\/#website\"},\"datePublished\":\"2022-12-05T16:06:39+00:00\",\"dateModified\":\"2022-12-13T15:23:04+00:00\",\"breadcrumb\":{\"@id\":\"https:\/\/cittametropolitanamilano.portaleinfo.cloud\/?page_id=1086&lang=de#breadcrumb\"},\"inLanguage\":\"it-IT\",\"potentialAction\":[{\"@type\":\"ReadAction\",\"target\":[\"https:\/\/cittametropolitanamilano.portaleinfo.cloud\/?page_id=1086&lang=de\"]}]},{\"@type\":\"BreadcrumbList\",\"@id\":\"https:\/\/cittametropolitanamilano.portaleinfo.cloud\/?page_id=1086&lang=de#breadcrumb\",\"itemListElement\":[{\"@type\":\"ListItem\",\"position\":1,\"name\":\"Home\",\"item\":\"https:\/\/cittametropolitanamilano.portaleinfo.cloud\/\"},{\"@type\":\"ListItem\",\"position\":2,\"name\":\"Zahlungen\"}]},{\"@type\":\"WebSite\",\"@id\":\"https:\/\/cittametropolitanamilano.portaleinfo.cloud\/#website\",\"url\":\"https:\/\/cittametropolitanamilano.portaleinfo.cloud\/\",\"name\":\"Citt\u00e0 Metropolitana di Milano\",\"description\":\"Portale del cittadino\",\"publisher\":{\"@id\":\"https:\/\/cittametropolitanamilano.portaleinfo.cloud\/#organization\"},\"potentialAction\":[{\"@type\":\"SearchAction\",\"target\":{\"@type\":\"EntryPoint\",\"urlTemplate\":\"https:\/\/cittametropolitanamilano.portaleinfo.cloud\/?s={search_term_string}\"},\"query-input\":\"required name=search_term_string\"}],\"inLanguage\":\"it-IT\"},{\"@type\":\"Organization\",\"@id\":\"https:\/\/cittametropolitanamilano.portaleinfo.cloud\/#organization\",\"name\":\"Citt\u00e0 Metropolitana di Milano\",\"url\":\"https:\/\/cittametropolitanamilano.portaleinfo.cloud\/\",\"logo\":{\"@type\":\"ImageObject\",\"inLanguage\":\"it-IT\",\"@id\":\"https:\/\/cittametropolitanamilano.portaleinfo.cloud\/#\/schema\/logo\/image\/\",\"url\":\"\/wp-content\/uploads\/sites\/2\/2022\/12\/cropped-Il-mio-progetto.png\",\"contentUrl\":\"\/wp-content\/uploads\/sites\/2\/2022\/12\/cropped-Il-mio-progetto.png\",\"width\":80,\"height\":92,\"caption\":\"Citt\u00e0 Metropolitana di Milano\"},\"image\":{\"@id\":\"https:\/\/cittametropolitanamilano.portaleinfo.cloud\/#\/schema\/logo\/image\/\"}}]}<\/script>\n<!-- \/ Yoast SEO plugin. -->","yoast_head_json":{"title":"Zahlungen - Citt\u00e0 Metropolitana di Milano","robots":{"index":"index","follow":"follow","max-snippet":"max-snippet:-1","max-image-preview":"max-image-preview:large","max-video-preview":"max-video-preview:-1"},"canonical":"https:\/\/cittametropolitanamilano.portaleinfo.cloud\/?page_id=1086&lang=de","og_locale":"it_IT","og_type":"article","og_title":"Zahlungen - Citt\u00e0 Metropolitana di Milano","og_description":"Zahlungen Das Kommando der Provinzpolizei der hat einen neuen digitalen Dienst eingef\u00fchrt, um die Verwaltungst\u00e4tigkeiten zu vereinfachen. \u00dcber das SPID-System (Sistema Pubblico di Identit\u00e0 Digitale ...","og_url":"https:\/\/cittametropolitanamilano.portaleinfo.cloud\/?page_id=1086&lang=de","og_site_name":"Citt\u00e0 Metropolitana di Milano","article_modified_time":"2022-12-13T15:23:04+00:00","twitter_card":"summary_large_image","twitter_misc":{"Tempo di lettura stimato":"1 minuto"},"schema":{"@context":"https:\/\/schema.org","@graph":[{"@type":"WebPage","@id":"https:\/\/cittametropolitanamilano.portaleinfo.cloud\/?page_id=1086&lang=de","url":"https:\/\/cittametropolitanamilano.portaleinfo.cloud\/?page_id=1086&lang=de","name":"Zahlungen - Citt\u00e0 Metropolitana di Milano","isPartOf":{"@id":"https:\/\/cittametropolitanamilano.portaleinfo.cloud\/#website"},"datePublished":"2022-12-05T16:06:39+00:00","dateModified":"2022-12-13T15:23:04+00:00","breadcrumb":{"@id":"https:\/\/cittametropolitanamilano.portaleinfo.cloud\/?page_id=1086&lang=de#breadcrumb"},"inLanguage":"it-IT","potentialAction":[{"@type":"ReadAction","target":["https:\/\/cittametropolitanamilano.portaleinfo.cloud\/?page_id=1086&lang=de"]}]},{"@type":"BreadcrumbList","@id":"https:\/\/cittametropolitanamilano.portaleinfo.cloud\/?page_id=1086&lang=de#breadcrumb","itemListElement":[{"@type":"ListItem","position":1,"name":"Home","item":"https:\/\/cittametropolitanamilano.portaleinfo.cloud\/"},{"@type":"ListItem","position":2,"name":"Zahlungen"}]},{"@type":"WebSite","@id":"https:\/\/cittametropolitanamilano.portaleinfo.cloud\/#website","url":"https:\/\/cittametropolitanamilano.portaleinfo.cloud\/","name":"Citt\u00e0 Metropolitana di Milano","description":"Portale del cittadino","publisher":{"@id":"https:\/\/cittametropolitanamilano.portaleinfo.cloud\/#organization"},"potentialAction":[{"@type":"SearchAction","target":{"@type":"EntryPoint","urlTemplate":"https:\/\/cittametropolitanamilano.portaleinfo.cloud\/?s={search_term_string}"},"query-input":"required name=search_term_string"}],"inLanguage":"it-IT"},{"@type":"Organization","@id":"https:\/\/cittametropolitanamilano.portaleinfo.cloud\/#organization","name":"Citt\u00e0 Metropolitana di Milano","url":"https:\/\/cittametropolitanamilano.portaleinfo.cloud\/","logo":{"@type":"ImageObject","inLanguage":"it-IT","@id":"https:\/\/cittametropolitanamilano.portaleinfo.cloud\/#\/schema\/logo\/image\/","url":"\/wp-content\/uploads\/sites\/2\/2022\/12\/cropped-Il-mio-progetto.png","contentUrl":"\/wp-content\/uploads\/sites\/2\/2022\/12\/cropped-Il-mio-progetto.png","width":80,"height":92,"caption":"Citt\u00e0 Metropolitana di Milano"},"image":{"@id":"https:\/\/cittametropolitanamilano.portaleinfo.cloud\/#\/schema\/logo\/image\/"}}]}},"_links":{"self":[{"href":"https:\/\/cittametropolitanamilano.portaleinfo.cloud\/index.php?rest_route=\/wp\/v2\/pages\/1086"}],"collection":[{"href":"https:\/\/cittametropolitanamilano.portaleinfo.cloud\/index.php?rest_route=\/wp\/v2\/pages"}],"about":[{"href":"https:\/\/cittametropolitanamilano.portaleinfo.cloud\/index.php?rest_route=\/wp\/v2\/types\/page"}],"author":[{"embeddable":true,"href":"https:\/\/cittametropolitanamilano.portaleinfo.cloud\/index.php?rest_route=\/wp\/v2\/users\/1"}],"replies":[{"embeddable":true,"href":"https:\/\/cittametropolitanamilano.portaleinfo.cloud\/index.php?rest_route=%2Fwp%2Fv2%2Fcomments&post=1086"}],"version-history":[{"count":14,"href":"https:\/\/cittametropolitanamilano.portaleinfo.cloud\/index.php?rest_route=\/wp\/v2\/pages\/1086\/revisions"}],"predecessor-version":[{"id":1207,"href":"https:\/\/cittametropolitanamilano.portaleinfo.cloud\/index.php?rest_route=\/wp\/v2\/pages\/1086\/revisions\/1207"}],"wp:attachment":[{"href":"https:\/\/cittametropolitanamilano.portaleinfo.cloud\/index.php?rest_route=%2Fwp%2Fv2%2Fmedia&parent=1086"}],"curies":[{"name":"wp","href":"https:\/\/api.w.org\/{rel}","templated":true}]}}