{"id":1087,"date":"2022-12-05T17:06:41","date_gmt":"2022-12-05T16:06:41","guid":{"rendered":"https:\/\/cittametropolitanamilano.portaleinfo.cloud\/?page_id=1087"},"modified":"2022-12-13T16:21:21","modified_gmt":"2022-12-13T15:21:21","slug":"paiements","status":"publish","type":"page","link":"https:\/\/cittametropolitanamilano.portaleinfo.cloud\/?page_id=1087&lang=fr","title":{"rendered":"Paiements"},"content":{"rendered":"\t\t<div data-elementor-type=\"wp-page\" data-elementor-id=\"1087\" class=\"elementor elementor-1087\">\n\t\t\t\t\t\t<section class=\"elementor-section elementor-top-section elementor-element elementor-element-f96ae94 elementor-section-boxed elementor-section-height-default elementor-section-height-default\" data-id=\"f96ae94\" data-element_type=\"section\">\n\t\t\t\t\t\t<div class=\"elementor-container elementor-column-gap-default\">\n\t\t\t\t\t<div class=\"elementor-column elementor-col-100 elementor-top-column elementor-element elementor-element-8aefcca\" data-id=\"8aefcca\" data-element_type=\"column\">\n\t\t\t<div class=\"elementor-widget-wrap elementor-element-populated\">\n\t\t\t\t\t\t<div class=\"elementor-element elementor-element-485c070 elementor-widget elementor-widget-heading\" data-id=\"485c070\" data-element_type=\"widget\" data-widget_type=\"heading.default\">\n\t\t\t\t<div class=\"elementor-widget-container\">\n\t\t\t<h2 class=\"elementor-heading-title elementor-size-default\">Paiements<\/h2>\t\t<\/div>\n\t\t\t\t<\/div>\n\t\t\t\t\t<\/div>\n\t\t<\/div>\n\t\t\t\t\t<\/div>\n\t\t<\/section>\n\t\t\t\t<section class=\"elementor-section elementor-top-section elementor-element elementor-element-d56422f elementor-section-boxed elementor-section-height-default elementor-section-height-default\" data-id=\"d56422f\" data-element_type=\"section\">\n\t\t\t\t\t\t<div class=\"elementor-container elementor-column-gap-default\">\n\t\t\t\t\t<div class=\"elementor-column elementor-col-100 elementor-top-column elementor-element elementor-element-0928670\" data-id=\"0928670\" data-element_type=\"column\">\n\t\t\t<div class=\"elementor-widget-wrap elementor-element-populated\">\n\t\t\t\t\t\t<div class=\"elementor-element elementor-element-61e175c elementor-widget elementor-widget-text-editor\" data-id=\"61e175c\" data-element_type=\"widget\" data-widget_type=\"text-editor.default\">\n\t\t\t\t<div class=\"elementor-widget-container\">\n\t\t\t\t\t\t\t<p>La direction de la police provinciale de la ville m\u00e9tropolitaine de Citt\u00e0 Metropolitana di Milano a adopt\u00e9 un nouveau service num\u00e9rique pour simplifier les activit\u00e9s administratives. Gr\u00e2ce au syst\u00e8me SPID (Sistema Pubblico di Identit\u00e0 Digitale est la cl\u00e9 pour un acc\u00e8s simple, rapide et s\u00fbr aux services num\u00e9riques des administrations locales et centrales), il est possible d&#8217;utiliser le service PagoPa pour payer les amendes administratives.<\/p><p><a href=\"https:\/\/milano.cittametropolitana.plugandpay.it\/\">Link de paiement <\/a><\/p><p>En naviguant sur la page d&#8217;accueil du portail citoyen, il suffit de cliquer sur la section de paiement d\u00e9di\u00e9e au service PagoPa.<\/p><p>Une fois la nouvelle fen\u00eatre ouverte, il est n\u00e9cessaire d&#8217;introduire dans les champs appropri\u00e9s le code d&#8217;avis ou l&#8217;IUV (identifiant de la position) et le code fiscal ou le num\u00e9ro de TVA de la personne \u00e0 qui le paiement est destin\u00e9.<\/p><p>La recherche produira le d\u00e9tail de l&#8217;avis que vous pourrez imprimer ou payer directement en ligne.<\/p><p>Pour continuer, vous devez saisir une adresse \u00e9lectronique valide (pas une adresse PEC) pour la livraison du re\u00e7u de paiement.<\/p><p>Poursuivez l&#8217;op\u00e9ration et vous serez redirig\u00e9 vers la plateforme PagoPa. Dans le syst\u00e8me PagoPa, vous pourrez choisir le mode de paiement avec lequel effectuer la transaction (par exemple, carte de cr\u00e9dit) et, selon l&#8217;option indiqu\u00e9e, le prestataire de services de paiement autoris\u00e9 avec lequel vous pr\u00e9f\u00e9rez payer (banque, poste, autre).<\/p><p>Le syst\u00e8me PagoPa pr\u00e9sente de nombreux avantages, notamment la transparence des co\u00fbts, la libert\u00e9 de choix du canal pour l&#8217;utilisateur et la garantie de s\u00e9curit\u00e9 pour les paiements, la conformit\u00e9 r\u00e9glementaire, avec un processus de paiement enti\u00e8rement automatis\u00e9 et num\u00e9rique.<\/p><p>Avec PagoPa, les citoyens peuvent \u00e9galement payer les amendes re\u00e7ues \u00e0 partir de leur smartphone, ou en utilisant la banque \u00e0 domicile \u00e0 partir d&#8217;un PSP (en recherchant les logos CBILL ou PagoPa). En outre, il est possible d&#8217;utiliser le syst\u00e8me PagoPa \u00e0 partir des guichets automatiques bancaires (s&#8217;ils sont activ\u00e9s), dans les points de vente Sisal et Lottomatica et dans les bureaux de poste.<\/p>\t\t\t\t\t\t<\/div>\n\t\t\t\t<\/div>\n\t\t\t\t\t<\/div>\n\t\t<\/div>\n\t\t\t\t\t<\/div>\n\t\t<\/section>\n\t\t\t\t<\/div>\n\t\t","protected":false},"excerpt":{"rendered":"<p>Paiements La direction de la police provinciale de la ville m\u00e9tropolitaine de a adopt\u00e9 un nouveau service num\u00e9rique pour simplifier les activit\u00e9s administratives. Gr\u00e2ce au &#8230; <\/p>\n","protected":false},"author":1,"featured_media":0,"parent":0,"menu_order":0,"comment_status":"closed","ping_status":"closed","template":"","meta":{"footnotes":""},"yoast_head":"<!-- This site is optimized with the Yoast SEO plugin v20.9 - https:\/\/yoast.com\/wordpress\/plugins\/seo\/ -->\n<title>Paiements - Citt\u00e0 Metropolitana di Milano<\/title>\n<meta name=\"robots\" content=\"index, follow, max-snippet:-1, max-image-preview:large, max-video-preview:-1\" \/>\n<link rel=\"canonical\" href=\"https:\/\/cittametropolitanamilano.portaleinfo.cloud\/?page_id=1087&lang=fr\" \/>\n<meta property=\"og:locale\" content=\"it_IT\" \/>\n<meta property=\"og:type\" content=\"article\" \/>\n<meta property=\"og:title\" content=\"Paiements - Citt\u00e0 Metropolitana di Milano\" \/>\n<meta property=\"og:description\" content=\"Paiements La direction de la police provinciale de la ville m\u00e9tropolitaine de a adopt\u00e9 un nouveau service num\u00e9rique pour simplifier les activit\u00e9s administratives. Gr\u00e2ce au ...\" \/>\n<meta property=\"og:url\" content=\"https:\/\/cittametropolitanamilano.portaleinfo.cloud\/?page_id=1087&amp;lang=fr\" \/>\n<meta property=\"og:site_name\" content=\"Citt\u00e0 Metropolitana di Milano\" \/>\n<meta property=\"article:modified_time\" content=\"2022-12-13T15:21:21+00:00\" \/>\n<meta name=\"twitter:card\" content=\"summary_large_image\" \/>\n<meta name=\"twitter:label1\" content=\"Tempo di lettura stimato\" \/>\n\t<meta name=\"twitter:data1\" content=\"2 minuti\" \/>\n<script type=\"application\/ld+json\" class=\"yoast-schema-graph\">{\"@context\":\"https:\/\/schema.org\",\"@graph\":[{\"@type\":\"WebPage\",\"@id\":\"https:\/\/cittametropolitanamilano.portaleinfo.cloud\/?page_id=1087&lang=fr\",\"url\":\"https:\/\/cittametropolitanamilano.portaleinfo.cloud\/?page_id=1087&lang=fr\",\"name\":\"Paiements - Citt\u00e0 Metropolitana di Milano\",\"isPartOf\":{\"@id\":\"https:\/\/cittametropolitanamilano.portaleinfo.cloud\/#website\"},\"datePublished\":\"2022-12-05T16:06:41+00:00\",\"dateModified\":\"2022-12-13T15:21:21+00:00\",\"breadcrumb\":{\"@id\":\"https:\/\/cittametropolitanamilano.portaleinfo.cloud\/?page_id=1087&lang=fr#breadcrumb\"},\"inLanguage\":\"it-IT\",\"potentialAction\":[{\"@type\":\"ReadAction\",\"target\":[\"https:\/\/cittametropolitanamilano.portaleinfo.cloud\/?page_id=1087&lang=fr\"]}]},{\"@type\":\"BreadcrumbList\",\"@id\":\"https:\/\/cittametropolitanamilano.portaleinfo.cloud\/?page_id=1087&lang=fr#breadcrumb\",\"itemListElement\":[{\"@type\":\"ListItem\",\"position\":1,\"name\":\"Home\",\"item\":\"https:\/\/cittametropolitanamilano.portaleinfo.cloud\/\"},{\"@type\":\"ListItem\",\"position\":2,\"name\":\"Paiements\"}]},{\"@type\":\"WebSite\",\"@id\":\"https:\/\/cittametropolitanamilano.portaleinfo.cloud\/#website\",\"url\":\"https:\/\/cittametropolitanamilano.portaleinfo.cloud\/\",\"name\":\"Citt\u00e0 Metropolitana di Milano\",\"description\":\"Portale del cittadino\",\"publisher\":{\"@id\":\"https:\/\/cittametropolitanamilano.portaleinfo.cloud\/#organization\"},\"potentialAction\":[{\"@type\":\"SearchAction\",\"target\":{\"@type\":\"EntryPoint\",\"urlTemplate\":\"https:\/\/cittametropolitanamilano.portaleinfo.cloud\/?s={search_term_string}\"},\"query-input\":\"required name=search_term_string\"}],\"inLanguage\":\"it-IT\"},{\"@type\":\"Organization\",\"@id\":\"https:\/\/cittametropolitanamilano.portaleinfo.cloud\/#organization\",\"name\":\"Citt\u00e0 Metropolitana di Milano\",\"url\":\"https:\/\/cittametropolitanamilano.portaleinfo.cloud\/\",\"logo\":{\"@type\":\"ImageObject\",\"inLanguage\":\"it-IT\",\"@id\":\"https:\/\/cittametropolitanamilano.portaleinfo.cloud\/#\/schema\/logo\/image\/\",\"url\":\"\/wp-content\/uploads\/sites\/2\/2022\/12\/cropped-Il-mio-progetto.png\",\"contentUrl\":\"\/wp-content\/uploads\/sites\/2\/2022\/12\/cropped-Il-mio-progetto.png\",\"width\":80,\"height\":92,\"caption\":\"Citt\u00e0 Metropolitana di Milano\"},\"image\":{\"@id\":\"https:\/\/cittametropolitanamilano.portaleinfo.cloud\/#\/schema\/logo\/image\/\"}}]}<\/script>\n<!-- \/ Yoast SEO plugin. -->","yoast_head_json":{"title":"Paiements - Citt\u00e0 Metropolitana di Milano","robots":{"index":"index","follow":"follow","max-snippet":"max-snippet:-1","max-image-preview":"max-image-preview:large","max-video-preview":"max-video-preview:-1"},"canonical":"https:\/\/cittametropolitanamilano.portaleinfo.cloud\/?page_id=1087&lang=fr","og_locale":"it_IT","og_type":"article","og_title":"Paiements - Citt\u00e0 Metropolitana di Milano","og_description":"Paiements La direction de la police provinciale de la ville m\u00e9tropolitaine de a adopt\u00e9 un nouveau service num\u00e9rique pour simplifier les activit\u00e9s administratives. Gr\u00e2ce au ...","og_url":"https:\/\/cittametropolitanamilano.portaleinfo.cloud\/?page_id=1087&lang=fr","og_site_name":"Citt\u00e0 Metropolitana di Milano","article_modified_time":"2022-12-13T15:21:21+00:00","twitter_card":"summary_large_image","twitter_misc":{"Tempo di lettura stimato":"2 minuti"},"schema":{"@context":"https:\/\/schema.org","@graph":[{"@type":"WebPage","@id":"https:\/\/cittametropolitanamilano.portaleinfo.cloud\/?page_id=1087&lang=fr","url":"https:\/\/cittametropolitanamilano.portaleinfo.cloud\/?page_id=1087&lang=fr","name":"Paiements - Citt\u00e0 Metropolitana di Milano","isPartOf":{"@id":"https:\/\/cittametropolitanamilano.portaleinfo.cloud\/#website"},"datePublished":"2022-12-05T16:06:41+00:00","dateModified":"2022-12-13T15:21:21+00:00","breadcrumb":{"@id":"https:\/\/cittametropolitanamilano.portaleinfo.cloud\/?page_id=1087&lang=fr#breadcrumb"},"inLanguage":"it-IT","potentialAction":[{"@type":"ReadAction","target":["https:\/\/cittametropolitanamilano.portaleinfo.cloud\/?page_id=1087&lang=fr"]}]},{"@type":"BreadcrumbList","@id":"https:\/\/cittametropolitanamilano.portaleinfo.cloud\/?page_id=1087&lang=fr#breadcrumb","itemListElement":[{"@type":"ListItem","position":1,"name":"Home","item":"https:\/\/cittametropolitanamilano.portaleinfo.cloud\/"},{"@type":"ListItem","position":2,"name":"Paiements"}]},{"@type":"WebSite","@id":"https:\/\/cittametropolitanamilano.portaleinfo.cloud\/#website","url":"https:\/\/cittametropolitanamilano.portaleinfo.cloud\/","name":"Citt\u00e0 Metropolitana di Milano","description":"Portale del cittadino","publisher":{"@id":"https:\/\/cittametropolitanamilano.portaleinfo.cloud\/#organization"},"potentialAction":[{"@type":"SearchAction","target":{"@type":"EntryPoint","urlTemplate":"https:\/\/cittametropolitanamilano.portaleinfo.cloud\/?s={search_term_string}"},"query-input":"required name=search_term_string"}],"inLanguage":"it-IT"},{"@type":"Organization","@id":"https:\/\/cittametropolitanamilano.portaleinfo.cloud\/#organization","name":"Citt\u00e0 Metropolitana di Milano","url":"https:\/\/cittametropolitanamilano.portaleinfo.cloud\/","logo":{"@type":"ImageObject","inLanguage":"it-IT","@id":"https:\/\/cittametropolitanamilano.portaleinfo.cloud\/#\/schema\/logo\/image\/","url":"\/wp-content\/uploads\/sites\/2\/2022\/12\/cropped-Il-mio-progetto.png","contentUrl":"\/wp-content\/uploads\/sites\/2\/2022\/12\/cropped-Il-mio-progetto.png","width":80,"height":92,"caption":"Citt\u00e0 Metropolitana di Milano"},"image":{"@id":"https:\/\/cittametropolitanamilano.portaleinfo.cloud\/#\/schema\/logo\/image\/"}}]}},"_links":{"self":[{"href":"https:\/\/cittametropolitanamilano.portaleinfo.cloud\/index.php?rest_route=\/wp\/v2\/pages\/1087"}],"collection":[{"href":"https:\/\/cittametropolitanamilano.portaleinfo.cloud\/index.php?rest_route=\/wp\/v2\/pages"}],"about":[{"href":"https:\/\/cittametropolitanamilano.portaleinfo.cloud\/index.php?rest_route=\/wp\/v2\/types\/page"}],"author":[{"embeddable":true,"href":"https:\/\/cittametropolitanamilano.portaleinfo.cloud\/index.php?rest_route=\/wp\/v2\/users\/1"}],"replies":[{"embeddable":true,"href":"https:\/\/cittametropolitanamilano.portaleinfo.cloud\/index.php?rest_route=%2Fwp%2Fv2%2Fcomments&post=1087"}],"version-history":[{"count":11,"href":"https:\/\/cittametropolitanamilano.portaleinfo.cloud\/index.php?rest_route=\/wp\/v2\/pages\/1087\/revisions"}],"predecessor-version":[{"id":1198,"href":"https:\/\/cittametropolitanamilano.portaleinfo.cloud\/index.php?rest_route=\/wp\/v2\/pages\/1087\/revisions\/1198"}],"wp:attachment":[{"href":"https:\/\/cittametropolitanamilano.portaleinfo.cloud\/index.php?rest_route=%2Fwp%2Fv2%2Fmedia&parent=1087"}],"curies":[{"name":"wp","href":"https:\/\/api.w.org\/{rel}","templated":true}]}}