{"id":350,"date":"2022-10-11T09:52:31","date_gmt":"2022-10-11T09:52:31","guid":{"rendered":"https:\/\/portaledelcittadinoagid.azurewebsites.net\/home-francais-2\/"},"modified":"2023-05-23T16:31:43","modified_gmt":"2023-05-23T14:31:43","slug":"home-francais-2","status":"publish","type":"page","link":"https:\/\/cittametropolitanamilano.portaleinfo.cloud\/?page_id=350&lang=fr","title":{"rendered":"Home &#8211; Fran\u00e7ais"},"content":{"rendered":"\t\t<div data-elementor-type=\"wp-page\" data-elementor-id=\"350\" class=\"elementor elementor-350\">\n\t\t\t\t\t\t<section class=\"elementor-section elementor-top-section elementor-element elementor-element-37dbc41 elementor-section-boxed elementor-section-height-default elementor-section-height-default\" data-id=\"37dbc41\" data-element_type=\"section\">\n\t\t\t\t\t\t<div class=\"elementor-container elementor-column-gap-default\">\n\t\t\t\t\t<div class=\"elementor-column elementor-col-100 elementor-top-column elementor-element elementor-element-8527dc1\" data-id=\"8527dc1\" data-element_type=\"column\">\n\t\t\t<div class=\"elementor-widget-wrap elementor-element-populated\">\n\t\t\t\t\t\t<div class=\"elementor-element elementor-element-d815df2 elementor-widget elementor-widget-heading\" data-id=\"d815df2\" data-element_type=\"widget\" data-widget_type=\"heading.default\">\n\t\t\t\t<div class=\"elementor-widget-container\">\n\t\t\t<h2 class=\"elementor-heading-title elementor-size-default\">Portail du citoyen<\/h2>\t\t<\/div>\n\t\t\t\t<\/div>\n\t\t\t\t<div class=\"elementor-element elementor-element-4897f8b elementor-widget elementor-widget-text-editor\" data-id=\"4897f8b\" data-element_type=\"widget\" data-widget_type=\"text-editor.default\">\n\t\t\t\t<div class=\"elementor-widget-container\">\n\t\t\t\t\t\t\tBienvenue sur le portail citoyen mis \u00e0 disposition par la Citt\u00e0 Metropolitana di Milano.\nLe portail du citoyen veut \u00eatre le point de r\u00e9f\u00e9rence pour tous les citoyens, m\u00eame \u00e9trangers, qui ont re\u00e7u un rapport d\u2019infraction au code de la route et qui ont besoin d\u2019aide.\nC\u2019est un outil de communication efficace, mis \u00e0 jour et toujours disponible, \u00e0 travers lequel l\u2019Autorit\u00e9 souhaite soutenir et communiquer avec ses citoyens.\n\n\u00c0 travers le portail des citoyens, il est possible de:\t\t\t\t\t\t<\/div>\n\t\t\t\t<\/div>\n\t\t\t\t<div class=\"elementor-element elementor-element-99ba3de elementor-widget elementor-widget-text-editor\" data-id=\"99ba3de\" data-element_type=\"widget\" data-widget_type=\"text-editor.default\">\n\t\t\t\t<div class=\"elementor-widget-container\">\n\t\t\t\t\t\t\t<ul><li>Voir la preuve de l\u2019infraction commise<\/li><li>Trouvez des r\u00e9ponses aux questions les plus fr\u00e9quemment pos\u00e9es<\/li><li>Contactez le commandement de la police pour toute information d\u00e9taill\u00e9e<\/li><li>V\u00e9rifier le positionnement de l\u2019instrumentation de contr\u00f4le<\/li><li>V\u00e9rifier les homologations et les certifications d\u2019\u00e9talonnage annuel des appareils de contr\u00f4le<\/li><li>Avoir acc\u00e8s \u00e0 la r\u00e9glementation en vigueur en mati\u00e8re de code de la route<\/li><li>T\u00e9l\u00e9chargez tous les formulaires n\u00e9cessaires pour transmettre des communications et \/ ou \u00e9tablir des appels<\/li><\/ul>\t\t\t\t\t\t<\/div>\n\t\t\t\t<\/div>\n\t\t\t\t\t<\/div>\n\t\t<\/div>\n\t\t\t\t\t<\/div>\n\t\t<\/section>\n\t\t\t\t<section class=\"elementor-section elementor-top-section elementor-element elementor-element-0231cc1 elementor-section-boxed elementor-section-height-default elementor-section-height-default\" data-id=\"0231cc1\" data-element_type=\"section\">\n\t\t\t\t\t\t<div class=\"elementor-container elementor-column-gap-default\">\n\t\t\t\t\t<div class=\"elementor-column elementor-col-100 elementor-top-column elementor-element elementor-element-bdb9518\" data-id=\"bdb9518\" data-element_type=\"column\">\n\t\t\t<div class=\"elementor-widget-wrap elementor-element-populated\">\n\t\t\t\t\t\t<div class=\"elementor-element elementor-element-bb99307 elementor-widget elementor-widget-image\" data-id=\"bb99307\" data-element_type=\"widget\" data-widget_type=\"image.default\">\n\t\t\t\t<div class=\"elementor-widget-container\">\n\t\t\t\t\t\t\t\t\t\t\t\t\t\t<a href=\"https:\/\/www.progettosicurezzamilanometropolitana.it\/\">\n\t\t\t\t\t\t\t<img fetchpriority=\"high\" decoding=\"async\" width=\"591\" height=\"421\" src=\"\/wp-content\/uploads\/sites\/2\/2022\/11\/Portale-Cittadino-progetto-sicurezza-milano-metropolitana-Desktop-ITA.jpg\" class=\"attachment-medium_large size-medium_large wp-image-451\" alt=\"\" srcset=\"\/wp-content\/uploads\/sites\/2\/2022\/11\/Portale-Cittadino-progetto-sicurezza-milano-metropolitana-Desktop-ITA.jpg 591w, \/wp-content\/uploads\/sites\/2\/2022\/11\/Portale-Cittadino-progetto-sicurezza-milano-metropolitana-Desktop-ITA-300x214.jpg 300w\" sizes=\"(max-width: 591px) 100vw, 591px\" \/>\t\t\t\t\t\t\t\t<\/a>\n\t\t\t\t\t\t\t\t\t\t\t\t\t<\/div>\n\t\t\t\t<\/div>\n\t\t\t\t\t<\/div>\n\t\t<\/div>\n\t\t\t\t\t<\/div>\n\t\t<\/section>\n\t\t\t\t<section class=\"elementor-section elementor-top-section elementor-element elementor-element-ccb59e1 elementor-section-boxed elementor-section-height-default elementor-section-height-default\" data-id=\"ccb59e1\" data-element_type=\"section\">\n\t\t\t\t\t\t<div class=\"elementor-container elementor-column-gap-default\">\n\t\t\t\t\t<div class=\"elementor-column elementor-col-100 elementor-top-column elementor-element elementor-element-efc0f67\" data-id=\"efc0f67\" data-element_type=\"column\">\n\t\t\t<div class=\"elementor-widget-wrap elementor-element-populated\">\n\t\t\t\t\t\t<div class=\"elementor-element elementor-element-1dbd347 elementor-widget elementor-widget-heading\" data-id=\"1dbd347\" data-element_type=\"widget\" data-widget_type=\"heading.default\">\n\t\t\t\t<div class=\"elementor-widget-container\">\n\t\t\t<h3 class=\"elementor-heading-title elementor-size-default\">Services<\/h3>\t\t<\/div>\n\t\t\t\t<\/div>\n\t\t\t\t\t<\/div>\n\t\t<\/div>\n\t\t\t\t\t<\/div>\n\t\t<\/section>\n\t\t\t\t<section class=\"elementor-section elementor-top-section elementor-element elementor-element-6998641 elementor-section-boxed elementor-section-height-default elementor-section-height-default\" data-id=\"6998641\" data-element_type=\"section\">\n\t\t\t\t\t\t<div class=\"elementor-container elementor-column-gap-default\">\n\t\t\t\t\t<div class=\"elementor-column elementor-col-33 elementor-top-column elementor-element elementor-element-c4d49e3\" data-id=\"c4d49e3\" data-element_type=\"column\">\n\t\t\t<div class=\"elementor-widget-wrap elementor-element-populated\">\n\t\t\t\t\t\t<div class=\"elementor-element elementor-element-455d340 elementor-widget elementor-widget-image\" data-id=\"455d340\" data-element_type=\"widget\" data-widget_type=\"image.default\">\n\t\t\t\t<div class=\"elementor-widget-container\">\n\t\t\t\t\t\t\t\t\t\t<figure class=\"wp-caption\">\n\t\t\t\t\t\t\t\t\t\t\t<a href=\"https:\/\/cittametropolitanamilano-portal.portaleinfo.cloud\/\">\n\t\t\t\t\t\t\t<img decoding=\"async\" width=\"60\" height=\"60\" src=\"\/wp-content\/uploads\/sites\/2\/2022\/10\/Accedi_al_Servizio.png\" class=\"attachment-medium size-medium wp-image-353\" alt=\"\" \/>\t\t\t\t\t\t\t\t<\/a>\n\t\t\t\t\t\t\t\t\t\t\t<figcaption class=\"widget-image-caption wp-caption-text\">Acces au service<\/figcaption>\n\t\t\t\t\t\t\t\t\t\t<\/figure>\n\t\t\t\t\t\t\t<\/div>\n\t\t\t\t<\/div>\n\t\t\t\t<div class=\"elementor-element elementor-element-5be0d24 elementor-widget elementor-widget-text-editor\" data-id=\"5be0d24\" data-element_type=\"widget\" data-widget_type=\"text-editor.default\">\n\t\t\t\t<div class=\"elementor-widget-container\">\n\t\t\t\t\t\t\t<p style=\"font-size: 13px;\">Ici vous pouvez visualiser ou t\u00e9l\u00e9charger les images et les documents relatifs \u00e0 l\u2019infraction<\/p>\t\t\t\t\t\t<\/div>\n\t\t\t\t<\/div>\n\t\t\t\t\t<\/div>\n\t\t<\/div>\n\t\t\t\t<div class=\"elementor-column elementor-col-33 elementor-top-column elementor-element elementor-element-4ac0e50\" data-id=\"4ac0e50\" data-element_type=\"column\">\n\t\t\t<div class=\"elementor-widget-wrap elementor-element-populated\">\n\t\t\t\t\t\t<div class=\"elementor-element elementor-element-231a5d8 elementor-widget elementor-widget-image\" data-id=\"231a5d8\" data-element_type=\"widget\" data-widget_type=\"image.default\">\n\t\t\t\t<div class=\"elementor-widget-container\">\n\t\t\t\t\t\t\t\t\t\t<figure class=\"wp-caption\">\n\t\t\t\t\t\t\t\t\t\t\t<a href=\"https:\/\/cittametropolitanamilano.portaleinfo.cloud\/fr\/formulario-2\/\">\n\t\t\t\t\t\t\t<img decoding=\"async\" width=\"60\" height=\"60\" src=\"\/wp-content\/uploads\/sites\/2\/2022\/10\/Moduli.png\" class=\"attachment-medium size-medium wp-image-356\" alt=\"\" \/>\t\t\t\t\t\t\t\t<\/a>\n\t\t\t\t\t\t\t\t\t\t\t<figcaption class=\"widget-image-caption wp-caption-text\">Formulaires<\/figcaption>\n\t\t\t\t\t\t\t\t\t\t<\/figure>\n\t\t\t\t\t\t\t<\/div>\n\t\t\t\t<\/div>\n\t\t\t\t<div class=\"elementor-element elementor-element-fb57180 elementor-widget elementor-widget-text-editor\" data-id=\"fb57180\" data-element_type=\"widget\" data-widget_type=\"text-editor.default\">\n\t\t\t\t<div class=\"elementor-widget-container\">\n\t\t\t\t\t\t\t<p style=\"font-size: 13px;\">Ici vous pouvez trouver toutes les formes n\u00e9cessaires<\/p>\t\t\t\t\t\t<\/div>\n\t\t\t\t<\/div>\n\t\t\t\t\t<\/div>\n\t\t<\/div>\n\t\t\t\t<div class=\"elementor-column elementor-col-33 elementor-top-column elementor-element elementor-element-152c7cb\" data-id=\"152c7cb\" data-element_type=\"column\">\n\t\t\t<div class=\"elementor-widget-wrap elementor-element-populated\">\n\t\t\t\t\t\t<div class=\"elementor-element elementor-element-1583d0a elementor-widget elementor-widget-image\" data-id=\"1583d0a\" data-element_type=\"widget\" data-widget_type=\"image.default\">\n\t\t\t\t<div class=\"elementor-widget-container\">\n\t\t\t\t\t\t\t\t\t\t<figure class=\"wp-caption\">\n\t\t\t\t\t\t\t\t\t\t\t<a href=\"https:\/\/cittametropolitanamilano.portaleinfo.cloud\/fr\/emplacements\/\">\n\t\t\t\t\t\t\t<img loading=\"lazy\" decoding=\"async\" width=\"60\" height=\"60\" src=\"\/wp-content\/uploads\/sites\/2\/2022\/10\/Posizionamenti.png\" class=\"attachment-medium size-medium wp-image-358\" alt=\"\" \/>\t\t\t\t\t\t\t\t<\/a>\n\t\t\t\t\t\t\t\t\t\t\t<figcaption class=\"widget-image-caption wp-caption-text\">Emplacements<\/figcaption>\n\t\t\t\t\t\t\t\t\t\t<\/figure>\n\t\t\t\t\t\t\t<\/div>\n\t\t\t\t<\/div>\n\t\t\t\t<div class=\"elementor-element elementor-element-532c19c elementor-widget elementor-widget-text-editor\" data-id=\"532c19c\" data-element_type=\"widget\" data-widget_type=\"text-editor.default\">\n\t\t\t\t<div class=\"elementor-widget-container\">\n\t\t\t\t\t\t\t<p style=\"font-size: 13px;\">Ici vous pouvez trouver les indications sur le positionnement des dispositifs de d\u00e9tection<\/p>\t\t\t\t\t\t<\/div>\n\t\t\t\t<\/div>\n\t\t\t\t\t<\/div>\n\t\t<\/div>\n\t\t\t\t\t<\/div>\n\t\t<\/section>\n\t\t\t\t<section class=\"elementor-section elementor-top-section elementor-element elementor-element-b631444 elementor-section-boxed elementor-section-height-default elementor-section-height-default\" data-id=\"b631444\" data-element_type=\"section\">\n\t\t\t\t\t\t<div class=\"elementor-container elementor-column-gap-default\">\n\t\t\t\t\t<div class=\"elementor-column elementor-col-33 elementor-top-column elementor-element elementor-element-00b383a\" data-id=\"00b383a\" data-element_type=\"column\">\n\t\t\t<div class=\"elementor-widget-wrap elementor-element-populated\">\n\t\t\t\t\t\t<div class=\"elementor-element elementor-element-21debc4 elementor-widget elementor-widget-image\" data-id=\"21debc4\" data-element_type=\"widget\" data-widget_type=\"image.default\">\n\t\t\t\t<div class=\"elementor-widget-container\">\n\t\t\t\t\t\t\t\t\t\t<figure class=\"wp-caption\">\n\t\t\t\t\t\t\t\t\t\t\t<a href=\"https:\/\/cittametropolitanamilano.portaleinfo.cloud\/fr\/regles\/\">\n\t\t\t\t\t\t\t<img loading=\"lazy\" decoding=\"async\" width=\"60\" height=\"60\" src=\"\/wp-content\/uploads\/sites\/2\/2022\/10\/Norme.png\" class=\"attachment-medium size-medium wp-image-357\" alt=\"\" \/>\t\t\t\t\t\t\t\t<\/a>\n\t\t\t\t\t\t\t\t\t\t\t<figcaption class=\"widget-image-caption wp-caption-text\">Regles<\/figcaption>\n\t\t\t\t\t\t\t\t\t\t<\/figure>\n\t\t\t\t\t\t\t<\/div>\n\t\t\t\t<\/div>\n\t\t\t\t<div class=\"elementor-element elementor-element-4b2abb3 elementor-widget elementor-widget-text-editor\" data-id=\"4b2abb3\" data-element_type=\"widget\" data-widget_type=\"text-editor.default\">\n\t\t\t\t<div class=\"elementor-widget-container\">\n\t\t\t\t\t\t\t<p style=\"font-size: 13px;\">Ici vous pouvez trouver toutes les r\u00e8gles utiles pour g\u00e9rer votre proc\u00e9dure<\/p>\t\t\t\t\t\t<\/div>\n\t\t\t\t<\/div>\n\t\t\t\t\t<\/div>\n\t\t<\/div>\n\t\t\t\t<div class=\"elementor-column elementor-col-33 elementor-top-column elementor-element elementor-element-504c46b\" data-id=\"504c46b\" data-element_type=\"column\">\n\t\t\t<div class=\"elementor-widget-wrap elementor-element-populated\">\n\t\t\t\t\t\t<div class=\"elementor-element elementor-element-a97e4df elementor-widget elementor-widget-image\" data-id=\"a97e4df\" data-element_type=\"widget\" data-widget_type=\"image.default\">\n\t\t\t\t<div class=\"elementor-widget-container\">\n\t\t\t\t\t\t\t\t\t\t<figure class=\"wp-caption\">\n\t\t\t\t\t\t\t\t\t\t\t<a href=\"https:\/\/cittametropolitanamilano.portaleinfo.cloud\/en\/contacts\/\">\n\t\t\t\t\t\t\t<img loading=\"lazy\" decoding=\"async\" width=\"60\" height=\"60\" src=\"\/wp-content\/uploads\/sites\/2\/2022\/10\/Contattaci.png\" class=\"attachment-medium size-medium wp-image-354\" alt=\"\" \/>\t\t\t\t\t\t\t\t<\/a>\n\t\t\t\t\t\t\t\t\t\t\t<figcaption class=\"widget-image-caption wp-caption-text\">Contacts<\/figcaption>\n\t\t\t\t\t\t\t\t\t\t<\/figure>\n\t\t\t\t\t\t\t<\/div>\n\t\t\t\t<\/div>\n\t\t\t\t<div class=\"elementor-element elementor-element-38d2ba4 elementor-widget elementor-widget-text-editor\" data-id=\"38d2ba4\" data-element_type=\"widget\" data-widget_type=\"text-editor.default\">\n\t\t\t\t<div class=\"elementor-widget-container\">\n\t\t\t\t\t\t\t<p style=\"font-size: 13px;\">Ici vous pouvez trouver les adresses de contact de l\u2019institution<\/p>\t\t\t\t\t\t<\/div>\n\t\t\t\t<\/div>\n\t\t\t\t\t<\/div>\n\t\t<\/div>\n\t\t\t\t<div class=\"elementor-column elementor-col-33 elementor-top-column elementor-element elementor-element-968aaf7\" data-id=\"968aaf7\" data-element_type=\"column\">\n\t\t\t<div class=\"elementor-widget-wrap elementor-element-populated\">\n\t\t\t\t\t\t<div class=\"elementor-element elementor-element-51a54b1 elementor-widget elementor-widget-image\" data-id=\"51a54b1\" data-element_type=\"widget\" data-widget_type=\"image.default\">\n\t\t\t\t<div class=\"elementor-widget-container\">\n\t\t\t\t\t\t\t\t\t\t<figure class=\"wp-caption\">\n\t\t\t\t\t\t\t\t\t\t\t<a href=\"https:\/\/cittametropolitanamilano.portaleinfo.cloud\/fr\/questions\/\">\n\t\t\t\t\t\t\t<img loading=\"lazy\" decoding=\"async\" width=\"60\" height=\"60\" src=\"\/wp-content\/uploads\/sites\/2\/2022\/10\/Domande_Frequenti.png\" class=\"attachment-medium size-medium wp-image-355\" alt=\"\" \/>\t\t\t\t\t\t\t\t<\/a>\n\t\t\t\t\t\t\t\t\t\t\t<figcaption class=\"widget-image-caption wp-caption-text\">Questions<\/figcaption>\n\t\t\t\t\t\t\t\t\t\t<\/figure>\n\t\t\t\t\t\t\t<\/div>\n\t\t\t\t<\/div>\n\t\t\t\t<div class=\"elementor-element elementor-element-7d2134a elementor-widget elementor-widget-text-editor\" data-id=\"7d2134a\" data-element_type=\"widget\" data-widget_type=\"text-editor.default\">\n\t\t\t\t<div class=\"elementor-widget-container\">\n\t\t\t\t\t\t\t<p style=\"font-size: 13px;\">Ici vous pouvez trouver les r\u00e9ponses aux questions fr\u00e9quemment pos\u00e9es<\/p>\t\t\t\t\t\t<\/div>\n\t\t\t\t<\/div>\n\t\t\t\t\t<\/div>\n\t\t<\/div>\n\t\t\t\t\t<\/div>\n\t\t<\/section>\n\t\t\t\t<\/div>\n\t\t","protected":false},"excerpt":{"rendered":"<p>Portail du citoyen Bienvenue sur le portail citoyen mis \u00e0 disposition par la . Le portail du citoyen veut \u00eatre le point de r\u00e9f\u00e9rence pour &#8230; <\/p>\n","protected":false},"author":2,"featured_media":0,"parent":0,"menu_order":0,"comment_status":"closed","ping_status":"closed","template":"","meta":{"footnotes":""},"yoast_head":"<!-- This site is optimized with the Yoast SEO plugin v20.9 - https:\/\/yoast.com\/wordpress\/plugins\/seo\/ -->\n<title>Home - Fran\u00e7ais - Citt\u00e0 Metropolitana di Milano<\/title>\n<meta name=\"robots\" content=\"index, follow, max-snippet:-1, max-image-preview:large, max-video-preview:-1\" \/>\n<link rel=\"canonical\" href=\"https:\/\/cittametropolitanamilano.portaleinfo.cloud\/?page_id=350&lang=fr\" \/>\n<meta property=\"og:locale\" content=\"it_IT\" \/>\n<meta property=\"og:type\" content=\"article\" \/>\n<meta property=\"og:title\" content=\"Home - Fran\u00e7ais - Citt\u00e0 Metropolitana di Milano\" \/>\n<meta property=\"og:description\" content=\"Portail du citoyen Bienvenue sur le portail citoyen mis \u00e0 disposition par la . Le portail du citoyen veut \u00eatre le point de r\u00e9f\u00e9rence pour ...\" \/>\n<meta property=\"og:url\" content=\"https:\/\/cittametropolitanamilano.portaleinfo.cloud\/?page_id=350&amp;lang=fr\" \/>\n<meta property=\"og:site_name\" content=\"Citt\u00e0 Metropolitana di Milano\" \/>\n<meta property=\"article:modified_time\" content=\"2023-05-23T14:31:43+00:00\" \/>\n<meta name=\"twitter:card\" content=\"summary_large_image\" \/>\n<meta name=\"twitter:label1\" content=\"Tempo di lettura stimato\" \/>\n\t<meta name=\"twitter:data1\" content=\"1 minuto\" \/>\n<script type=\"application\/ld+json\" class=\"yoast-schema-graph\">{\"@context\":\"https:\/\/schema.org\",\"@graph\":[{\"@type\":\"WebPage\",\"@id\":\"https:\/\/cittametropolitanamilano.portaleinfo.cloud\/?page_id=350&lang=fr\",\"url\":\"https:\/\/cittametropolitanamilano.portaleinfo.cloud\/?page_id=350&lang=fr\",\"name\":\"Home - Fran\u00e7ais - Citt\u00e0 Metropolitana di Milano\",\"isPartOf\":{\"@id\":\"https:\/\/cittametropolitanamilano.portaleinfo.cloud\/#website\"},\"datePublished\":\"2022-10-11T09:52:31+00:00\",\"dateModified\":\"2023-05-23T14:31:43+00:00\",\"breadcrumb\":{\"@id\":\"https:\/\/cittametropolitanamilano.portaleinfo.cloud\/?page_id=350&lang=fr#breadcrumb\"},\"inLanguage\":\"it-IT\",\"potentialAction\":[{\"@type\":\"ReadAction\",\"target\":[\"https:\/\/cittametropolitanamilano.portaleinfo.cloud\/?page_id=350&lang=fr\"]}]},{\"@type\":\"BreadcrumbList\",\"@id\":\"https:\/\/cittametropolitanamilano.portaleinfo.cloud\/?page_id=350&lang=fr#breadcrumb\",\"itemListElement\":[{\"@type\":\"ListItem\",\"position\":1,\"name\":\"Home\",\"item\":\"https:\/\/cittametropolitanamilano.portaleinfo.cloud\/\"},{\"@type\":\"ListItem\",\"position\":2,\"name\":\"Home &#8211; Fran\u00e7ais\"}]},{\"@type\":\"WebSite\",\"@id\":\"https:\/\/cittametropolitanamilano.portaleinfo.cloud\/#website\",\"url\":\"https:\/\/cittametropolitanamilano.portaleinfo.cloud\/\",\"name\":\"Citt\u00e0 Metropolitana di Milano\",\"description\":\"Portale del cittadino\",\"publisher\":{\"@id\":\"https:\/\/cittametropolitanamilano.portaleinfo.cloud\/#organization\"},\"potentialAction\":[{\"@type\":\"SearchAction\",\"target\":{\"@type\":\"EntryPoint\",\"urlTemplate\":\"https:\/\/cittametropolitanamilano.portaleinfo.cloud\/?s={search_term_string}\"},\"query-input\":\"required name=search_term_string\"}],\"inLanguage\":\"it-IT\"},{\"@type\":\"Organization\",\"@id\":\"https:\/\/cittametropolitanamilano.portaleinfo.cloud\/#organization\",\"name\":\"Citt\u00e0 Metropolitana di Milano\",\"url\":\"https:\/\/cittametropolitanamilano.portaleinfo.cloud\/\",\"logo\":{\"@type\":\"ImageObject\",\"inLanguage\":\"it-IT\",\"@id\":\"https:\/\/cittametropolitanamilano.portaleinfo.cloud\/#\/schema\/logo\/image\/\",\"url\":\"\/wp-content\/uploads\/sites\/2\/2022\/12\/cropped-Il-mio-progetto.png\",\"contentUrl\":\"\/wp-content\/uploads\/sites\/2\/2022\/12\/cropped-Il-mio-progetto.png\",\"width\":80,\"height\":92,\"caption\":\"Citt\u00e0 Metropolitana di Milano\"},\"image\":{\"@id\":\"https:\/\/cittametropolitanamilano.portaleinfo.cloud\/#\/schema\/logo\/image\/\"}}]}<\/script>\n<!-- \/ Yoast SEO plugin. -->","yoast_head_json":{"title":"Home - Fran\u00e7ais - Citt\u00e0 Metropolitana di Milano","robots":{"index":"index","follow":"follow","max-snippet":"max-snippet:-1","max-image-preview":"max-image-preview:large","max-video-preview":"max-video-preview:-1"},"canonical":"https:\/\/cittametropolitanamilano.portaleinfo.cloud\/?page_id=350&lang=fr","og_locale":"it_IT","og_type":"article","og_title":"Home - Fran\u00e7ais - Citt\u00e0 Metropolitana di Milano","og_description":"Portail du citoyen Bienvenue sur le portail citoyen mis \u00e0 disposition par la . Le portail du citoyen veut \u00eatre le point de r\u00e9f\u00e9rence pour ...","og_url":"https:\/\/cittametropolitanamilano.portaleinfo.cloud\/?page_id=350&lang=fr","og_site_name":"Citt\u00e0 Metropolitana di Milano","article_modified_time":"2023-05-23T14:31:43+00:00","twitter_card":"summary_large_image","twitter_misc":{"Tempo di lettura stimato":"1 minuto"},"schema":{"@context":"https:\/\/schema.org","@graph":[{"@type":"WebPage","@id":"https:\/\/cittametropolitanamilano.portaleinfo.cloud\/?page_id=350&lang=fr","url":"https:\/\/cittametropolitanamilano.portaleinfo.cloud\/?page_id=350&lang=fr","name":"Home - Fran\u00e7ais - Citt\u00e0 Metropolitana di Milano","isPartOf":{"@id":"https:\/\/cittametropolitanamilano.portaleinfo.cloud\/#website"},"datePublished":"2022-10-11T09:52:31+00:00","dateModified":"2023-05-23T14:31:43+00:00","breadcrumb":{"@id":"https:\/\/cittametropolitanamilano.portaleinfo.cloud\/?page_id=350&lang=fr#breadcrumb"},"inLanguage":"it-IT","potentialAction":[{"@type":"ReadAction","target":["https:\/\/cittametropolitanamilano.portaleinfo.cloud\/?page_id=350&lang=fr"]}]},{"@type":"BreadcrumbList","@id":"https:\/\/cittametropolitanamilano.portaleinfo.cloud\/?page_id=350&lang=fr#breadcrumb","itemListElement":[{"@type":"ListItem","position":1,"name":"Home","item":"https:\/\/cittametropolitanamilano.portaleinfo.cloud\/"},{"@type":"ListItem","position":2,"name":"Home &#8211; Fran\u00e7ais"}]},{"@type":"WebSite","@id":"https:\/\/cittametropolitanamilano.portaleinfo.cloud\/#website","url":"https:\/\/cittametropolitanamilano.portaleinfo.cloud\/","name":"Citt\u00e0 Metropolitana di Milano","description":"Portale del cittadino","publisher":{"@id":"https:\/\/cittametropolitanamilano.portaleinfo.cloud\/#organization"},"potentialAction":[{"@type":"SearchAction","target":{"@type":"EntryPoint","urlTemplate":"https:\/\/cittametropolitanamilano.portaleinfo.cloud\/?s={search_term_string}"},"query-input":"required name=search_term_string"}],"inLanguage":"it-IT"},{"@type":"Organization","@id":"https:\/\/cittametropolitanamilano.portaleinfo.cloud\/#organization","name":"Citt\u00e0 Metropolitana di Milano","url":"https:\/\/cittametropolitanamilano.portaleinfo.cloud\/","logo":{"@type":"ImageObject","inLanguage":"it-IT","@id":"https:\/\/cittametropolitanamilano.portaleinfo.cloud\/#\/schema\/logo\/image\/","url":"\/wp-content\/uploads\/sites\/2\/2022\/12\/cropped-Il-mio-progetto.png","contentUrl":"\/wp-content\/uploads\/sites\/2\/2022\/12\/cropped-Il-mio-progetto.png","width":80,"height":92,"caption":"Citt\u00e0 Metropolitana di Milano"},"image":{"@id":"https:\/\/cittametropolitanamilano.portaleinfo.cloud\/#\/schema\/logo\/image\/"}}]}},"_links":{"self":[{"href":"https:\/\/cittametropolitanamilano.portaleinfo.cloud\/index.php?rest_route=\/wp\/v2\/pages\/350"}],"collection":[{"href":"https:\/\/cittametropolitanamilano.portaleinfo.cloud\/index.php?rest_route=\/wp\/v2\/pages"}],"about":[{"href":"https:\/\/cittametropolitanamilano.portaleinfo.cloud\/index.php?rest_route=\/wp\/v2\/types\/page"}],"author":[{"embeddable":true,"href":"https:\/\/cittametropolitanamilano.portaleinfo.cloud\/index.php?rest_route=\/wp\/v2\/users\/2"}],"replies":[{"embeddable":true,"href":"https:\/\/cittametropolitanamilano.portaleinfo.cloud\/index.php?rest_route=%2Fwp%2Fv2%2Fcomments&post=350"}],"version-history":[{"count":9,"href":"https:\/\/cittametropolitanamilano.portaleinfo.cloud\/index.php?rest_route=\/wp\/v2\/pages\/350\/revisions"}],"predecessor-version":[{"id":1551,"href":"https:\/\/cittametropolitanamilano.portaleinfo.cloud\/index.php?rest_route=\/wp\/v2\/pages\/350\/revisions\/1551"}],"wp:attachment":[{"href":"https:\/\/cittametropolitanamilano.portaleinfo.cloud\/index.php?rest_route=%2Fwp%2Fv2%2Fmedia&parent=350"}],"curies":[{"name":"wp","href":"https:\/\/api.w.org\/{rel}","templated":true}]}}