{"id":574,"date":"2022-11-11T08:50:02","date_gmt":"2022-11-11T08:50:02","guid":{"rendered":"https:\/\/portaledelcittadinoagid.azurewebsites.net\/?page_id=574"},"modified":"2022-11-11T08:50:02","modified_gmt":"2022-11-11T08:50:02","slug":"module","status":"publish","type":"page","link":"https:\/\/cittametropolitanamilano.portaleinfo.cloud\/?page_id=574&lang=de","title":{"rendered":"Module"},"content":{"rendered":"\t\t<div data-elementor-type=\"wp-page\" data-elementor-id=\"574\" class=\"elementor elementor-574\">\n\t\t\t\t\t\t<section class=\"elementor-section elementor-top-section elementor-element elementor-element-dc8a0c5 elementor-section-boxed elementor-section-height-default elementor-section-height-default\" data-id=\"dc8a0c5\" data-element_type=\"section\">\n\t\t\t\t\t\t<div class=\"elementor-container elementor-column-gap-default\">\n\t\t\t\t\t<div class=\"elementor-column elementor-col-100 elementor-top-column elementor-element elementor-element-c807e17\" data-id=\"c807e17\" data-element_type=\"column\">\n\t\t\t<div class=\"elementor-widget-wrap elementor-element-populated\">\n\t\t\t\t\t\t<div class=\"elementor-element elementor-element-3b000f0 elementor-alert-warning elementor-widget elementor-widget-alert\" data-id=\"3b000f0\" data-element_type=\"widget\" data-widget_type=\"alert.default\">\n\t\t\t\t<div class=\"elementor-widget-container\">\n\t\t\t\t\t<div class=\"elementor-alert\" role=\"alert\">\n\n\t\t\t\t\t\t<span class=\"elementor-alert-title\">AVVISO!<\/span>\n\t\t\t\n\t\t\t\t\t\t<span class=\"elementor-alert-description\">Wenn Sie einen Bu\u00dfgeldbescheid, dessen Feststellungsdatum vor dem 5. Juni 2020 liegt, erhalten haben, wenden Sie sich bitte an unser Contact Center:\n<br>\n    Tel.: 0763\/617415<br>\n    Montag bis Freitag von 08:30 Uhr bis 13:00 Uhr<\/span>\n\t\t\t\n\t\t\t\t\t\t<button type=\"button\" class=\"elementor-alert-dismiss\">\n\t\t\t\t\t\t\t\t\t<span aria-hidden=\"true\">&times;<\/span>\n\t\t\t\t\t\t\t\t<span class=\"elementor-screen-only\">Ignora questo avviso.<\/span>\n\t\t\t<\/button>\n\t\t\t\n\t\t<\/div>\n\t\t\t\t<\/div>\n\t\t\t\t<\/div>\n\t\t\t\t\t<\/div>\n\t\t<\/div>\n\t\t\t\t\t<\/div>\n\t\t<\/section>\n\t\t\t\t<section class=\"elementor-section elementor-top-section elementor-element elementor-element-deced75 elementor-section-boxed elementor-section-height-default elementor-section-height-default\" data-id=\"deced75\" data-element_type=\"section\">\n\t\t\t\t\t\t<div class=\"elementor-container elementor-column-gap-default\">\n\t\t\t\t\t<div class=\"elementor-column elementor-col-33 elementor-top-column elementor-element elementor-element-8dd3ff1\" data-id=\"8dd3ff1\" data-element_type=\"column\">\n\t\t\t<div class=\"elementor-widget-wrap elementor-element-populated\">\n\t\t\t\t\t\t<div class=\"elementor-element elementor-element-90e2eb1 content-align-cta-center elementor-widget elementor-widget-eael-cta-box\" data-id=\"90e2eb1\" data-element_type=\"widget\" data-widget_type=\"eael-cta-box.default\">\n\t\t\t\t<div class=\"elementor-widget-container\">\n\t\t\t\t\t<div class=\"eael-call-to-action cta-basic bg-lite cta-preset-1\">\n        <h2 class=\"title eael-cta-heading\">Modul A<\/h2><p>Antrag auf Einstellung des Bu\u00dfgeldverfahrens<\/p><a href=\"https:\/\/portaledelcittadino.blob.core.windows.net\/cittametropolitanamilano\/2022\/03\/MOD-A-CMM_cambio-di-proprieta_DE.pdf\" target=\"_blank\" class=\"cta-button cta-preset-1  \">DOWNLOAD<\/a>\t<\/div>\n\t\t\t\t\t\t<\/div>\n\t\t\t\t<\/div>\n\t\t\t\t\t<\/div>\n\t\t<\/div>\n\t\t\t\t<div class=\"elementor-column elementor-col-33 elementor-top-column elementor-element elementor-element-44d002a\" data-id=\"44d002a\" data-element_type=\"column\">\n\t\t\t<div class=\"elementor-widget-wrap elementor-element-populated\">\n\t\t\t\t\t\t<div class=\"elementor-element elementor-element-6c3e357 content-align-cta-center elementor-widget elementor-widget-eael-cta-box\" data-id=\"6c3e357\" data-element_type=\"widget\" data-widget_type=\"eael-cta-box.default\">\n\t\t\t\t<div class=\"elementor-widget-container\">\n\t\t\t\t\t<div class=\"eael-call-to-action cta-basic bg-lite cta-preset-1\">\n        <h2 class=\"title eael-cta-heading\">Modul A2<\/h2><p>Antrag auf Aussetzung der Geldbu\u00dfe f\u00fcr einen Eigent\u00fcmerwechsel<\/p><a href=\"https:\/\/portaledelcittadino.blob.core.windows.net\/cittametropolitanamilano\/2022\/03\/MOD-A2-CMM_Istanza-di-archiviazione_DE.pdf\" target=\"_blank\" class=\"cta-button cta-preset-1  \">DOWNLOAD<\/a>\t<\/div>\n\t\t\t\t\t\t<\/div>\n\t\t\t\t<\/div>\n\t\t\t\t\t<\/div>\n\t\t<\/div>\n\t\t\t\t<div class=\"elementor-column elementor-col-33 elementor-top-column elementor-element elementor-element-55c5777\" data-id=\"55c5777\" data-element_type=\"column\">\n\t\t\t<div class=\"elementor-widget-wrap elementor-element-populated\">\n\t\t\t\t\t\t<div class=\"elementor-element elementor-element-b552487 content-align-cta-center elementor-widget elementor-widget-eael-cta-box\" data-id=\"b552487\" data-element_type=\"widget\" data-widget_type=\"eael-cta-box.default\">\n\t\t\t\t<div class=\"elementor-widget-container\">\n\t\t\t\t\t<div class=\"eael-call-to-action cta-basic bg-lite cta-preset-1\">\n        <h2 class=\"title eael-cta-heading\">Modul B<\/h2><p>Angaben zum Fahrer<\/p><a href=\"https:\/\/portaledelcittadino.blob.core.windows.net\/cittametropolitanamilano\/2022\/03\/MOD-B-CMM_comunicazione-dati-conducente_DE.pdf\" target=\"_blank\" class=\"cta-button cta-preset-1  \">DOWNLOAD<\/a>\t<\/div>\n\t\t\t\t\t\t<\/div>\n\t\t\t\t<\/div>\n\t\t\t\t\t<\/div>\n\t\t<\/div>\n\t\t\t\t\t<\/div>\n\t\t<\/section>\n\t\t\t\t<section class=\"elementor-section elementor-top-section elementor-element elementor-element-563a777 elementor-section-boxed elementor-section-height-default elementor-section-height-default\" data-id=\"563a777\" data-element_type=\"section\">\n\t\t\t\t\t\t<div class=\"elementor-container elementor-column-gap-default\">\n\t\t\t\t\t<div class=\"elementor-column elementor-col-33 elementor-top-column elementor-element elementor-element-e09fa1c\" data-id=\"e09fa1c\" data-element_type=\"column\">\n\t\t\t<div class=\"elementor-widget-wrap elementor-element-populated\">\n\t\t\t\t\t\t<div class=\"elementor-element elementor-element-4b1fc8b content-align-cta-center elementor-widget elementor-widget-eael-cta-box\" data-id=\"4b1fc8b\" data-element_type=\"widget\" data-widget_type=\"eael-cta-box.default\">\n\t\t\t\t<div class=\"elementor-widget-container\">\n\t\t\t\t\t<div class=\"eael-call-to-action cta-basic bg-lite cta-preset-1\">\n        <h2 class=\"title eael-cta-heading\">Modul C<\/h2><p>Antrag auf Ratenzahlung<\/p><a href=\"https:\/\/portaledelcittadino.blob.core.windows.net\/cittametropolitanamilano\/2022\/03\/MOD-C-CMM_Istanza-rateizzazione_DE.pdf\" target=\"_blank\" class=\"cta-button cta-preset-1  \">DOWNLOAD<\/a>\t<\/div>\n\t\t\t\t\t\t<\/div>\n\t\t\t\t<\/div>\n\t\t\t\t<div class=\"elementor-element elementor-element-09b330b content-align-cta-center elementor-widget elementor-widget-eael-cta-box\" data-id=\"09b330b\" data-element_type=\"widget\" data-widget_type=\"eael-cta-box.default\">\n\t\t\t\t<div class=\"elementor-widget-container\">\n\t\t\t\t\t<div class=\"eael-call-to-action cta-basic bg-lite cta-preset-1\">\n        <h2 class=\"title eael-cta-heading\">Befestigug A<\/h2><p>Verzeichnis der Gemeinden, die in den Zust\u00e4ndigkeitsbereich des Friedensrichters fallen<\/p><a href=\"https:\/\/portaledelcittadino.blob.core.windows.net\/cittametropolitanamilano\/2022\/08\/CMM_elenco_GDP.pdf\" target=\"_blank\" class=\"cta-button cta-preset-1  \">DOWNLOAD<\/a>\t<\/div>\n\t\t\t\t\t\t<\/div>\n\t\t\t\t<\/div>\n\t\t\t\t\t<\/div>\n\t\t<\/div>\n\t\t\t\t<div class=\"elementor-column elementor-col-33 elementor-top-column elementor-element elementor-element-886afbb\" data-id=\"886afbb\" data-element_type=\"column\">\n\t\t\t<div class=\"elementor-widget-wrap elementor-element-populated\">\n\t\t\t\t\t\t<div class=\"elementor-element elementor-element-d1b8a4b content-align-cta-center elementor-widget elementor-widget-eael-cta-box\" data-id=\"d1b8a4b\" data-element_type=\"widget\" data-widget_type=\"eael-cta-box.default\">\n\t\t\t\t<div class=\"elementor-widget-container\">\n\t\t\t\t\t<div class=\"eael-call-to-action cta-basic bg-lite cta-preset-1\">\n        <h2 class=\"title eael-cta-heading\">Modul D<\/h2><p>Erstattungsantrag<\/p><a href=\"https:\/\/portaledelcittadino.blob.core.windows.net\/cittametropolitanamilano\/2022\/03\/MOD-D-CMM_rimborso_DE.pdf\" target=\"_blank\" class=\"cta-button cta-preset-1  \">DOWNLOAD<\/a>\t<\/div>\n\t\t\t\t\t\t<\/div>\n\t\t\t\t<\/div>\n\t\t\t\t\t<\/div>\n\t\t<\/div>\n\t\t\t\t<div class=\"elementor-column elementor-col-33 elementor-top-column elementor-element elementor-element-335de5f\" data-id=\"335de5f\" data-element_type=\"column\">\n\t\t\t<div class=\"elementor-widget-wrap elementor-element-populated\">\n\t\t\t\t\t\t<div class=\"elementor-element elementor-element-00ff8ea content-align-cta-center elementor-widget elementor-widget-eael-cta-box\" data-id=\"00ff8ea\" data-element_type=\"widget\" data-widget_type=\"eael-cta-box.default\">\n\t\t\t\t<div class=\"elementor-widget-container\">\n\t\t\t\t\t<div class=\"eael-call-to-action cta-basic bg-lite cta-preset-1\">\n        <h2 class=\"title eael-cta-heading\">Modul E<\/h2><p>Fordern Sie eine Kopie der Benachrichtigung an<\/p><a href=\"https:\/\/portaledelcittadino.blob.core.windows.net\/cittametropolitanamilano\/2022\/03\/MOD-F-CMM_richiesta-copia-relata_verbale_DE.pdf\" target=\"_blank\" class=\"cta-button cta-preset-1  \">DOWNLOAD<\/a>\t<\/div>\n\t\t\t\t\t\t<\/div>\n\t\t\t\t<\/div>\n\t\t\t\t\t<\/div>\n\t\t<\/div>\n\t\t\t\t\t<\/div>\n\t\t<\/section>\n\t\t\t\t<\/div>\n\t\t","protected":false},"excerpt":{"rendered":"<p>\/*! elementor &#8211; v3.7.8 &#8211; 02-10-2022 *\/ .elementor-alert{padding:15px;border-left:5px solid transparent;position:relative;text-align:left}.elementor-alert .elementor-alert-title{display:block;font-weight:700}.elementor-alert .elementor-alert-description{font-size:13px}.elementor-alert button.elementor-alert-dismiss{position:absolute;right:var(&#8211;dismiss-icon-horizontal-position,10px);top:var(&#8211;dismiss-icon-vertical-position,10px);padding:3px;font-size:var(&#8211;dismiss-icon-size,20px);line-height:1;background:transparent;color:var(&#8211;dismiss-icon-normal-color,inherit);border:none;cursor:pointer;-webkit-transition-duration:var(&#8211;dismiss-icon-hover-transition-duration,.3s);-o-transition-duration:var(&#8211;dismiss-icon-hover-transition-duration,.3s);transition-duration:var(&#8211;dismiss-icon-hover-transition-duration,.3s)}.elementor-alert button.elementor-alert-dismiss:hover{color:var(&#8211;dismiss-icon-hover-color,inherit)}.elementor-alert button.elementor-alert-dismiss svg{width:var(&#8211;dismiss-icon-size,20px);height:var(&#8211;dismiss-icon-size,20px);fill:var(&#8211;dismiss-icon-normal-color,currentColor);-webkit-transition-duration:var(&#8211;dismiss-icon-hover-transition-duration,.3s);-o-transition-duration:var(&#8211;dismiss-icon-hover-transition-duration,.3s);transition-duration:var(&#8211;dismiss-icon-hover-transition-duration,.3s)}.elementor-alert button.elementor-alert-dismiss svg:hover{fill:var(&#8211;dismiss-icon-hover-color,currentColor)}.elementor-alert.elementor-alert-info{color:#31708f;background-color:#d9edf7;border-color:#bcdff1}.elementor-alert.elementor-alert-success{color:#3c763d;background-color:#dff0d8;border-color:#cae6be}.elementor-alert.elementor-alert-warning{color:#8a6d3b;background-color:#fcf8e3;border-color:#f9f0c3}.elementor-alert.elementor-alert-danger{color:#a94442;background-color:#f2dede;border-color:#e8c4c4}@media (max-width:767px){.elementor-alert{padding:10px}.elementor-alert button.elementor-alert-dismiss{right:7px;top:7px}} AVVISO! Wenn Sie einen Bu\u00dfgeldbescheid, &#8230; <\/p>\n","protected":false},"author":2,"featured_media":0,"parent":0,"menu_order":0,"comment_status":"closed","ping_status":"closed","template":"","meta":{"footnotes":""},"yoast_head":"<!-- This site is optimized with the Yoast SEO plugin v20.9 - https:\/\/yoast.com\/wordpress\/plugins\/seo\/ -->\n<title>Module - Citt\u00e0 Metropolitana di Milano<\/title>\n<meta name=\"robots\" content=\"index, follow, max-snippet:-1, max-image-preview:large, max-video-preview:-1\" \/>\n<link rel=\"canonical\" href=\"https:\/\/cittametropolitanamilano.portaleinfo.cloud\/?page_id=574&lang=de\" \/>\n<meta property=\"og:locale\" content=\"it_IT\" \/>\n<meta property=\"og:type\" content=\"article\" \/>\n<meta property=\"og:title\" content=\"Module - Citt\u00e0 Metropolitana di Milano\" \/>\n<meta property=\"og:description\" content=\"\/*! elementor &#8211; v3.7.8 &#8211; 02-10-2022 *\/ .elementor-alert{padding:15px;border-left:5px solid transparent;position:relative;text-align:left}.elementor-alert .elementor-alert-title{display:block;font-weight:700}.elementor-alert .elementor-alert-description{font-size:13px}.elementor-alert button.elementor-alert-dismiss{position:absolute;right:var(&#8211;dismiss-icon-horizontal-position,10px);top:var(&#8211;dismiss-icon-vertical-position,10px);padding:3px;font-size:var(&#8211;dismiss-icon-size,20px);line-height:1;background:transparent;color:var(&#8211;dismiss-icon-normal-color,inherit);border:none;cursor:pointer;-webkit-transition-duration:var(&#8211;dismiss-icon-hover-transition-duration,.3s);-o-transition-duration:var(&#8211;dismiss-icon-hover-transition-duration,.3s);transition-duration:var(&#8211;dismiss-icon-hover-transition-duration,.3s)}.elementor-alert button.elementor-alert-dismiss:hover{color:var(&#8211;dismiss-icon-hover-color,inherit)}.elementor-alert button.elementor-alert-dismiss svg{width:var(&#8211;dismiss-icon-size,20px);height:var(&#8211;dismiss-icon-size,20px);fill:var(&#8211;dismiss-icon-normal-color,currentColor);-webkit-transition-duration:var(&#8211;dismiss-icon-hover-transition-duration,.3s);-o-transition-duration:var(&#8211;dismiss-icon-hover-transition-duration,.3s);transition-duration:var(&#8211;dismiss-icon-hover-transition-duration,.3s)}.elementor-alert button.elementor-alert-dismiss svg:hover{fill:var(&#8211;dismiss-icon-hover-color,currentColor)}.elementor-alert.elementor-alert-info{color:#31708f;background-color:#d9edf7;border-color:#bcdff1}.elementor-alert.elementor-alert-success{color:#3c763d;background-color:#dff0d8;border-color:#cae6be}.elementor-alert.elementor-alert-warning{color:#8a6d3b;background-color:#fcf8e3;border-color:#f9f0c3}.elementor-alert.elementor-alert-danger{color:#a94442;background-color:#f2dede;border-color:#e8c4c4}@media (max-width:767px){.elementor-alert{padding:10px}.elementor-alert button.elementor-alert-dismiss{right:7px;top:7px}} AVVISO! Wenn Sie einen Bu\u00dfgeldbescheid, ...\" \/>\n<meta property=\"og:url\" content=\"https:\/\/cittametropolitanamilano.portaleinfo.cloud\/?page_id=574&amp;lang=de\" \/>\n<meta property=\"og:site_name\" content=\"Citt\u00e0 Metropolitana di Milano\" \/>\n<meta name=\"twitter:card\" content=\"summary_large_image\" \/>\n<meta name=\"twitter:label1\" content=\"Tempo di lettura stimato\" \/>\n\t<meta name=\"twitter:data1\" content=\"1 minuto\" \/>\n<script type=\"application\/ld+json\" class=\"yoast-schema-graph\">{\"@context\":\"https:\/\/schema.org\",\"@graph\":[{\"@type\":\"WebPage\",\"@id\":\"https:\/\/cittametropolitanamilano.portaleinfo.cloud\/?page_id=574&lang=de\",\"url\":\"https:\/\/cittametropolitanamilano.portaleinfo.cloud\/?page_id=574&lang=de\",\"name\":\"Module - Citt\u00e0 Metropolitana di Milano\",\"isPartOf\":{\"@id\":\"https:\/\/cittametropolitanamilano.portaleinfo.cloud\/#website\"},\"datePublished\":\"2022-11-11T08:50:02+00:00\",\"dateModified\":\"2022-11-11T08:50:02+00:00\",\"breadcrumb\":{\"@id\":\"https:\/\/cittametropolitanamilano.portaleinfo.cloud\/?page_id=574&lang=de#breadcrumb\"},\"inLanguage\":\"it-IT\",\"potentialAction\":[{\"@type\":\"ReadAction\",\"target\":[\"https:\/\/cittametropolitanamilano.portaleinfo.cloud\/?page_id=574&lang=de\"]}]},{\"@type\":\"BreadcrumbList\",\"@id\":\"https:\/\/cittametropolitanamilano.portaleinfo.cloud\/?page_id=574&lang=de#breadcrumb\",\"itemListElement\":[{\"@type\":\"ListItem\",\"position\":1,\"name\":\"Home\",\"item\":\"https:\/\/cittametropolitanamilano.portaleinfo.cloud\/\"},{\"@type\":\"ListItem\",\"position\":2,\"name\":\"Module\"}]},{\"@type\":\"WebSite\",\"@id\":\"https:\/\/cittametropolitanamilano.portaleinfo.cloud\/#website\",\"url\":\"https:\/\/cittametropolitanamilano.portaleinfo.cloud\/\",\"name\":\"Citt\u00e0 Metropolitana di Milano\",\"description\":\"Portale del cittadino\",\"publisher\":{\"@id\":\"https:\/\/cittametropolitanamilano.portaleinfo.cloud\/#organization\"},\"potentialAction\":[{\"@type\":\"SearchAction\",\"target\":{\"@type\":\"EntryPoint\",\"urlTemplate\":\"https:\/\/cittametropolitanamilano.portaleinfo.cloud\/?s={search_term_string}\"},\"query-input\":\"required name=search_term_string\"}],\"inLanguage\":\"it-IT\"},{\"@type\":\"Organization\",\"@id\":\"https:\/\/cittametropolitanamilano.portaleinfo.cloud\/#organization\",\"name\":\"Citt\u00e0 Metropolitana di Milano\",\"url\":\"https:\/\/cittametropolitanamilano.portaleinfo.cloud\/\",\"logo\":{\"@type\":\"ImageObject\",\"inLanguage\":\"it-IT\",\"@id\":\"https:\/\/cittametropolitanamilano.portaleinfo.cloud\/#\/schema\/logo\/image\/\",\"url\":\"\/wp-content\/uploads\/sites\/2\/2022\/12\/cropped-Il-mio-progetto.png\",\"contentUrl\":\"\/wp-content\/uploads\/sites\/2\/2022\/12\/cropped-Il-mio-progetto.png\",\"width\":80,\"height\":92,\"caption\":\"Citt\u00e0 Metropolitana di Milano\"},\"image\":{\"@id\":\"https:\/\/cittametropolitanamilano.portaleinfo.cloud\/#\/schema\/logo\/image\/\"}}]}<\/script>\n<!-- \/ Yoast SEO plugin. -->","yoast_head_json":{"title":"Module - Citt\u00e0 Metropolitana di Milano","robots":{"index":"index","follow":"follow","max-snippet":"max-snippet:-1","max-image-preview":"max-image-preview:large","max-video-preview":"max-video-preview:-1"},"canonical":"https:\/\/cittametropolitanamilano.portaleinfo.cloud\/?page_id=574&lang=de","og_locale":"it_IT","og_type":"article","og_title":"Module - Citt\u00e0 Metropolitana di Milano","og_description":"\/*! elementor &#8211; v3.7.8 &#8211; 02-10-2022 *\/ .elementor-alert{padding:15px;border-left:5px solid transparent;position:relative;text-align:left}.elementor-alert .elementor-alert-title{display:block;font-weight:700}.elementor-alert .elementor-alert-description{font-size:13px}.elementor-alert button.elementor-alert-dismiss{position:absolute;right:var(&#8211;dismiss-icon-horizontal-position,10px);top:var(&#8211;dismiss-icon-vertical-position,10px);padding:3px;font-size:var(&#8211;dismiss-icon-size,20px);line-height:1;background:transparent;color:var(&#8211;dismiss-icon-normal-color,inherit);border:none;cursor:pointer;-webkit-transition-duration:var(&#8211;dismiss-icon-hover-transition-duration,.3s);-o-transition-duration:var(&#8211;dismiss-icon-hover-transition-duration,.3s);transition-duration:var(&#8211;dismiss-icon-hover-transition-duration,.3s)}.elementor-alert button.elementor-alert-dismiss:hover{color:var(&#8211;dismiss-icon-hover-color,inherit)}.elementor-alert button.elementor-alert-dismiss svg{width:var(&#8211;dismiss-icon-size,20px);height:var(&#8211;dismiss-icon-size,20px);fill:var(&#8211;dismiss-icon-normal-color,currentColor);-webkit-transition-duration:var(&#8211;dismiss-icon-hover-transition-duration,.3s);-o-transition-duration:var(&#8211;dismiss-icon-hover-transition-duration,.3s);transition-duration:var(&#8211;dismiss-icon-hover-transition-duration,.3s)}.elementor-alert button.elementor-alert-dismiss svg:hover{fill:var(&#8211;dismiss-icon-hover-color,currentColor)}.elementor-alert.elementor-alert-info{color:#31708f;background-color:#d9edf7;border-color:#bcdff1}.elementor-alert.elementor-alert-success{color:#3c763d;background-color:#dff0d8;border-color:#cae6be}.elementor-alert.elementor-alert-warning{color:#8a6d3b;background-color:#fcf8e3;border-color:#f9f0c3}.elementor-alert.elementor-alert-danger{color:#a94442;background-color:#f2dede;border-color:#e8c4c4}@media (max-width:767px){.elementor-alert{padding:10px}.elementor-alert button.elementor-alert-dismiss{right:7px;top:7px}} AVVISO! Wenn Sie einen Bu\u00dfgeldbescheid, ...","og_url":"https:\/\/cittametropolitanamilano.portaleinfo.cloud\/?page_id=574&lang=de","og_site_name":"Citt\u00e0 Metropolitana di Milano","twitter_card":"summary_large_image","twitter_misc":{"Tempo di lettura stimato":"1 minuto"},"schema":{"@context":"https:\/\/schema.org","@graph":[{"@type":"WebPage","@id":"https:\/\/cittametropolitanamilano.portaleinfo.cloud\/?page_id=574&lang=de","url":"https:\/\/cittametropolitanamilano.portaleinfo.cloud\/?page_id=574&lang=de","name":"Module - Citt\u00e0 Metropolitana di Milano","isPartOf":{"@id":"https:\/\/cittametropolitanamilano.portaleinfo.cloud\/#website"},"datePublished":"2022-11-11T08:50:02+00:00","dateModified":"2022-11-11T08:50:02+00:00","breadcrumb":{"@id":"https:\/\/cittametropolitanamilano.portaleinfo.cloud\/?page_id=574&lang=de#breadcrumb"},"inLanguage":"it-IT","potentialAction":[{"@type":"ReadAction","target":["https:\/\/cittametropolitanamilano.portaleinfo.cloud\/?page_id=574&lang=de"]}]},{"@type":"BreadcrumbList","@id":"https:\/\/cittametropolitanamilano.portaleinfo.cloud\/?page_id=574&lang=de#breadcrumb","itemListElement":[{"@type":"ListItem","position":1,"name":"Home","item":"https:\/\/cittametropolitanamilano.portaleinfo.cloud\/"},{"@type":"ListItem","position":2,"name":"Module"}]},{"@type":"WebSite","@id":"https:\/\/cittametropolitanamilano.portaleinfo.cloud\/#website","url":"https:\/\/cittametropolitanamilano.portaleinfo.cloud\/","name":"Citt\u00e0 Metropolitana di Milano","description":"Portale del cittadino","publisher":{"@id":"https:\/\/cittametropolitanamilano.portaleinfo.cloud\/#organization"},"potentialAction":[{"@type":"SearchAction","target":{"@type":"EntryPoint","urlTemplate":"https:\/\/cittametropolitanamilano.portaleinfo.cloud\/?s={search_term_string}"},"query-input":"required name=search_term_string"}],"inLanguage":"it-IT"},{"@type":"Organization","@id":"https:\/\/cittametropolitanamilano.portaleinfo.cloud\/#organization","name":"Citt\u00e0 Metropolitana di Milano","url":"https:\/\/cittametropolitanamilano.portaleinfo.cloud\/","logo":{"@type":"ImageObject","inLanguage":"it-IT","@id":"https:\/\/cittametropolitanamilano.portaleinfo.cloud\/#\/schema\/logo\/image\/","url":"\/wp-content\/uploads\/sites\/2\/2022\/12\/cropped-Il-mio-progetto.png","contentUrl":"\/wp-content\/uploads\/sites\/2\/2022\/12\/cropped-Il-mio-progetto.png","width":80,"height":92,"caption":"Citt\u00e0 Metropolitana di Milano"},"image":{"@id":"https:\/\/cittametropolitanamilano.portaleinfo.cloud\/#\/schema\/logo\/image\/"}}]}},"_links":{"self":[{"href":"https:\/\/cittametropolitanamilano.portaleinfo.cloud\/index.php?rest_route=\/wp\/v2\/pages\/574"}],"collection":[{"href":"https:\/\/cittametropolitanamilano.portaleinfo.cloud\/index.php?rest_route=\/wp\/v2\/pages"}],"about":[{"href":"https:\/\/cittametropolitanamilano.portaleinfo.cloud\/index.php?rest_route=\/wp\/v2\/types\/page"}],"author":[{"embeddable":true,"href":"https:\/\/cittametropolitanamilano.portaleinfo.cloud\/index.php?rest_route=\/wp\/v2\/users\/2"}],"replies":[{"embeddable":true,"href":"https:\/\/cittametropolitanamilano.portaleinfo.cloud\/index.php?rest_route=%2Fwp%2Fv2%2Fcomments&post=574"}],"version-history":[{"count":0,"href":"https:\/\/cittametropolitanamilano.portaleinfo.cloud\/index.php?rest_route=\/wp\/v2\/pages\/574\/revisions"}],"wp:attachment":[{"href":"https:\/\/cittametropolitanamilano.portaleinfo.cloud\/index.php?rest_route=%2Fwp%2Fv2%2Fmedia&parent=574"}],"curies":[{"name":"wp","href":"https:\/\/api.w.org\/{rel}","templated":true}]}}